{"id":174567,"date":"2023-05-10T00:41:28","date_gmt":"2023-05-09T22:41:28","guid":{"rendered":"https:\/\/kinedo1.fokuspokus.dev\/outils\/"},"modified":"2024-03-15T01:33:18","modified_gmt":"2024-03-15T00:33:18","slug":"outils","status":"publish","type":"page","link":"https:\/\/kinedo-bad.at\/fr\/service\/outils\/","title":{"rendered":"Outils"},"content":{"rendered":"<section class=\"m-page-hero-color\">\n  <div class=\"wrapper\">\n    <div class=\"m-page-hero-color__content\">\n      <h1>\n        Outils      <\/h1>\n      <span>\n              <\/span>\n    <\/div>\n  <\/div>\n\n<\/section>\n\n<section class=\"m-breadcrumb\">\n  <div class=\"wrapper\">\n    <div id=\"breadcrumbs\" class=\"m-breadcrumb__list\"><span><span><a href=\"https:\/\/kinedo-bad.at\/fr\/\">Start<\/a><\/span><\/span><\/div>  <\/div>\n<\/section>\n\n<!-- Block Big Kachel -->\n<section class=\"m-big-tile-list  spacing-top--medium spacing-bottom--medium\">\n  <div class=\"wrapper\">\n    <div class=\"m-big-tile-list__content\">\n                              \n            <div class=\"m-big-tile\">\n\n\n              <div class=\"m-big-tile__content\">\n                                                    <a class=\"m-big-tile__background\" href=\"https:\/\/kinedo-bad.at\/kinemagic-filter\/\" target=\"_self\">\n\n                    <img srcset=\"https:\/\/kinedo-bad.at\/wp-content\/uploads\/knmi_rpehmg-250x179.jpg 250w, https:\/\/kinedo-bad.at\/wp-content\/uploads\/knmi_rpehmg-500x357.jpg 500w, https:\/\/kinedo-bad.at\/wp-content\/uploads\/knmi_rpehmg-1000x714.jpg 1000w, https:\/\/kinedo-bad.at\/wp-content\/uploads\/knmi_rpehmg.jpg 1500w, https:\/\/kinedo-bad.at\/wp-content\/uploads\/knmi_rpehmg.jpg 2000w\" sizes=\"auto, (min-width: 56em) 950px, 100vw\" src=\"https:\/\/kinedo-bad.at\/wp-content\/uploads\/knmi_rpehmg-1000x714.jpg\" alt=\"\" itemprop=\"image\" loading=\"lazy\" decoding=\"async\" width=\"1500\" height=\"1071\">\n                  <\/a>\n\n                \n\n                <div class=\"m-big-tile__title\">\n                  Filtre Kinemagic                <\/div>\n              <\/div>\n              <div class=\"m-big-tile__footer\">\n                <p>\n                  La voie qui vous m\u00e8ne directement \u00e0 la douche compl\u00e8te parfaitement adapt\u00e9e \u00e0 votre salle de bains. Avec le filtre de la gamme Kinemagic, vous trouvez facilement la douche personnelle de vos r\u00eaves, \u00e9galement accessible, incluant bac, cloison, panneaux de douche et de nombreux \u00e9l\u00e9ments de design superbes et visant \u00e0 am\u00e9liorer la s\u00e9curit\u00e9.                  <\/p>\n\n\n                                                    <a class=\"btn fill\" href=\"https:\/\/kinedo-bad.at\/kinemagic-filter\/\" target=\"_self\">\n                     Filtrer maintenant<\/a>\n\n                \n\n              <\/div>\n\n            <\/div>\n\n\n          \n            <div class=\"m-big-tile\">\n\n\n              <div class=\"m-big-tile__content\">\n                                                    <a class=\"m-big-tile__background\" href=\"https:\/\/kinedo-bad.at\/duo-konfigurator\/\" target=\"_self\">\n\n                    <img srcset=\"https:\/\/kinedo-bad.at\/wp-content\/uploads\/duo-konfigurator-entwurf-250x148.png 250w, https:\/\/kinedo-bad.at\/wp-content\/uploads\/duo-konfigurator-entwurf-500x297.png 500w, https:\/\/kinedo-bad.at\/wp-content\/uploads\/duo-konfigurator-entwurf-1000x594.png 1000w, https:\/\/kinedo-bad.at\/wp-content\/uploads\/duo-konfigurator-entwurf-1500x890.png 1500w, https:\/\/kinedo-bad.at\/wp-content\/uploads\/duo-konfigurator-entwurf.png 2000w\" sizes=\"auto, (min-width: 56em) 950px, 100vw\" src=\"https:\/\/kinedo-bad.at\/wp-content\/uploads\/duo-konfigurator-entwurf-1000x594.png\" alt=\"\" itemprop=\"image\" loading=\"lazy\" decoding=\"async\" width=\"2000\" height=\"1187\">\n                  <\/a>\n\n                \n\n                <div class=\"m-big-tile__title\">\n                  Configurateur DUO                <\/div>\n              <\/div>\n              <div class=\"m-big-tile__footer\">\n                <p>\n                  Douche + baignoire : avec notre baignoire-douche DUO, vous avez les deux en un ! Notre configurateur DUO vous aide \u00e0 choisir et \u00e0 cr\u00e9er le mod\u00e8le de votre choix.                 <\/p>\n\n\n                                                    <a class=\"btn fill\" href=\"https:\/\/kinedo-bad.at\/duo-konfigurator\/\" target=\"_self\">\n                     Configurer maintenant<\/a>\n\n                \n\n              <\/div>\n\n            <\/div>\n\n\n                        \n    <\/div>\n  <\/div>\n<\/section>\n\n<!-- Block Big Kachel -->\n<section class=\"m-big-tile-list  spacing-top--none spacing-bottom--medium\">\n  <div class=\"wrapper\">\n    <div class=\"m-big-tile-list__content\">\n                              \n            <div class=\"m-big-tile\">\n\n\n              <div class=\"m-big-tile__content\">\n                                                    <a class=\"m-big-tile__background\" href=\"https:\/\/kinedo-bad.at\/fr\/recherche-dexposition-et-dinstallateur\/\" target=\"_self\">\n\n                    <img srcset=\"https:\/\/kinedo-bad.at\/wp-content\/uploads\/installateursuche-250x148.jpg 250w, https:\/\/kinedo-bad.at\/wp-content\/uploads\/installateursuche-500x297.jpg 500w, https:\/\/kinedo-bad.at\/wp-content\/uploads\/installateursuche-1000x594.jpg 1000w, https:\/\/kinedo-bad.at\/wp-content\/uploads\/installateursuche.jpg 1500w, https:\/\/kinedo-bad.at\/wp-content\/uploads\/installateursuche.jpg 2000w\" sizes=\"auto, (min-width: 56em) 950px, 100vw\" src=\"https:\/\/kinedo-bad.at\/wp-content\/uploads\/installateursuche-1000x594.jpg\" alt=\"\" itemprop=\"image\" loading=\"lazy\" decoding=\"async\" width=\"1400\" height=\"831\">\n                  <\/a>\n\n                \n\n                <div class=\"m-big-tile__title\">\n                  Recherche d&#8217;exposants et d&#8217;installateurs                <\/div>\n              <\/div>\n              <div class=\"m-big-tile__footer\">\n                <p>\n                  Trouver des expositions et des installateurs pr\u00e8s de chez vous.                <\/p>\n\n\n                                                    <a class=\"btn fill\" href=\"https:\/\/kinedo-bad.at\/fr\/recherche-dexposition-et-dinstallateur\/\" target=\"_self\">\n                    Rechercher maintenant<\/a>\n\n                \n\n              <\/div>\n\n            <\/div>\n\n\n                        \n    <\/div>\n  <\/div>\n<\/section>","protected":false},"excerpt":{"rendered":"","protected":false},"author":6,"featured_media":0,"parent":174569,"menu_order":1,"comment_status":"closed","ping_status":"closed","template":"","meta":{"_acf_changed":false,"footnotes":""},"class_list":["post-174567","page","type-page","status-publish","hentry"],"acf":[],"yoast_head":"<!-- This site is optimized with the Yoast SEO plugin v27.3 - https:\/\/yoast.com\/product\/yoast-seo-wordpress\/ -->\n<title>Outils | Kinedo<\/title>\n<meta name=\"robots\" content=\"index, follow, max-snippet:-1, max-image-preview:large, max-video-preview:-1\" \/>\n<link rel=\"canonical\" href=\"https:\/\/kinedo-bad.at\/fr\/service\/outils\/\" \/>\n<meta property=\"og:locale\" content=\"fr_FR\" \/>\n<meta property=\"og:type\" content=\"article\" \/>\n<meta property=\"og:title\" content=\"Outils | Kinedo\" \/>\n<meta property=\"og:url\" content=\"https:\/\/kinedo-bad.at\/fr\/service\/outils\/\" \/>\n<meta property=\"og:site_name\" content=\"Kinedo\" \/>\n<meta property=\"article:publisher\" content=\"https:\/\/www.facebook.com\/kinedodeutschland\" \/>\n<meta property=\"article:modified_time\" content=\"2024-03-15T00:33:18+00:00\" \/>\n<meta name=\"twitter:card\" content=\"summary_large_image\" \/>\n<script type=\"application\/ld+json\" class=\"yoast-schema-graph\">{\"@context\":\"https:\\\/\\\/schema.org\",\"@graph\":[{\"@type\":\"WebPage\",\"@id\":\"https:\\\/\\\/kinedo-bad.at\\\/fr\\\/service\\\/outils\\\/\",\"url\":\"https:\\\/\\\/kinedo-bad.at\\\/fr\\\/service\\\/outils\\\/\",\"name\":\"Outils | Kinedo\",\"isPartOf\":{\"@id\":\"https:\\\/\\\/kinedo-bad.at\\\/#website\"},\"datePublished\":\"2023-05-09T22:41:28+00:00\",\"dateModified\":\"2024-03-15T00:33:18+00:00\",\"breadcrumb\":{\"@id\":\"https:\\\/\\\/kinedo-bad.at\\\/fr\\\/service\\\/outils\\\/#breadcrumb\"},\"inLanguage\":\"fr-FR\",\"potentialAction\":[{\"@type\":\"ReadAction\",\"target\":[\"https:\\\/\\\/kinedo-bad.at\\\/fr\\\/service\\\/outils\\\/\"]}]},{\"@type\":\"BreadcrumbList\",\"@id\":\"https:\\\/\\\/kinedo-bad.at\\\/fr\\\/service\\\/outils\\\/#breadcrumb\",\"itemListElement\":[{\"@type\":\"ListItem\",\"position\":1,\"name\":\"Start\",\"item\":\"https:\\\/\\\/kinedo-bad.at\\\/fr\\\/\"},{\"@type\":\"ListItem\",\"position\":2,\"name\":\"Service\",\"item\":\"https:\\\/\\\/kinedo-bad.at\\\/fr\\\/service\\\/\"},{\"@type\":\"ListItem\",\"position\":3,\"name\":\"Outils\"}]},{\"@type\":\"WebSite\",\"@id\":\"https:\\\/\\\/kinedo-bad.at\\\/#website\",\"url\":\"https:\\\/\\\/kinedo-bad.at\\\/\",\"name\":\"SFA Sanibroy GmbH\",\"description\":\"\",\"publisher\":{\"@id\":\"https:\\\/\\\/kinedo-bad.at\\\/#organization\"},\"potentialAction\":[{\"@type\":\"SearchAction\",\"target\":{\"@type\":\"EntryPoint\",\"urlTemplate\":\"https:\\\/\\\/kinedo-bad.at\\\/?s={search_term_string}\"},\"query-input\":{\"@type\":\"PropertyValueSpecification\",\"valueRequired\":true,\"valueName\":\"search_term_string\"}}],\"inLanguage\":\"fr-FR\"},{\"@type\":\"Organization\",\"@id\":\"https:\\\/\\\/kinedo-bad.at\\\/#organization\",\"name\":\"SFA Sanibroy GmbH\",\"url\":\"https:\\\/\\\/kinedo-bad.at\\\/\",\"logo\":{\"@type\":\"ImageObject\",\"inLanguage\":\"fr-FR\",\"@id\":\"https:\\\/\\\/kinedo-bad.at\\\/#\\\/schema\\\/logo\\\/image\\\/\",\"url\":\"https:\\\/\\\/kinedo-bad.at\\\/wp-content\\\/uploads\\\/kinedo-logo-final.png\",\"contentUrl\":\"https:\\\/\\\/kinedo-bad.at\\\/wp-content\\\/uploads\\\/kinedo-logo-final.png\",\"width\":280,\"height\":114,\"caption\":\"SFA Sanibroy GmbH\"},\"image\":{\"@id\":\"https:\\\/\\\/kinedo-bad.at\\\/#\\\/schema\\\/logo\\\/image\\\/\"},\"sameAs\":[\"https:\\\/\\\/www.facebook.com\\\/kinedodeutschland\",\"https:\\\/\\\/www.instagram.com\\\/kinedo_d_a_ch\\\/\"]}]}<\/script>\n<!-- \/ Yoast SEO plugin. -->","yoast_head_json":{"title":"Outils | Kinedo","robots":{"index":"index","follow":"follow","max-snippet":"max-snippet:-1","max-image-preview":"max-image-preview:large","max-video-preview":"max-video-preview:-1"},"canonical":"https:\/\/kinedo-bad.at\/fr\/service\/outils\/","og_locale":"fr_FR","og_type":"article","og_title":"Outils | Kinedo","og_url":"https:\/\/kinedo-bad.at\/fr\/service\/outils\/","og_site_name":"Kinedo","article_publisher":"https:\/\/www.facebook.com\/kinedodeutschland","article_modified_time":"2024-03-15T00:33:18+00:00","twitter_card":"summary_large_image","schema":{"@context":"https:\/\/schema.org","@graph":[{"@type":"WebPage","@id":"https:\/\/kinedo-bad.at\/fr\/service\/outils\/","url":"https:\/\/kinedo-bad.at\/fr\/service\/outils\/","name":"Outils | Kinedo","isPartOf":{"@id":"https:\/\/kinedo-bad.at\/#website"},"datePublished":"2023-05-09T22:41:28+00:00","dateModified":"2024-03-15T00:33:18+00:00","breadcrumb":{"@id":"https:\/\/kinedo-bad.at\/fr\/service\/outils\/#breadcrumb"},"inLanguage":"fr-FR","potentialAction":[{"@type":"ReadAction","target":["https:\/\/kinedo-bad.at\/fr\/service\/outils\/"]}]},{"@type":"BreadcrumbList","@id":"https:\/\/kinedo-bad.at\/fr\/service\/outils\/#breadcrumb","itemListElement":[{"@type":"ListItem","position":1,"name":"Start","item":"https:\/\/kinedo-bad.at\/fr\/"},{"@type":"ListItem","position":2,"name":"Service","item":"https:\/\/kinedo-bad.at\/fr\/service\/"},{"@type":"ListItem","position":3,"name":"Outils"}]},{"@type":"WebSite","@id":"https:\/\/kinedo-bad.at\/#website","url":"https:\/\/kinedo-bad.at\/","name":"SFA Sanibroy GmbH","description":"","publisher":{"@id":"https:\/\/kinedo-bad.at\/#organization"},"potentialAction":[{"@type":"SearchAction","target":{"@type":"EntryPoint","urlTemplate":"https:\/\/kinedo-bad.at\/?s={search_term_string}"},"query-input":{"@type":"PropertyValueSpecification","valueRequired":true,"valueName":"search_term_string"}}],"inLanguage":"fr-FR"},{"@type":"Organization","@id":"https:\/\/kinedo-bad.at\/#organization","name":"SFA Sanibroy GmbH","url":"https:\/\/kinedo-bad.at\/","logo":{"@type":"ImageObject","inLanguage":"fr-FR","@id":"https:\/\/kinedo-bad.at\/#\/schema\/logo\/image\/","url":"https:\/\/kinedo-bad.at\/wp-content\/uploads\/kinedo-logo-final.png","contentUrl":"https:\/\/kinedo-bad.at\/wp-content\/uploads\/kinedo-logo-final.png","width":280,"height":114,"caption":"SFA Sanibroy GmbH"},"image":{"@id":"https:\/\/kinedo-bad.at\/#\/schema\/logo\/image\/"},"sameAs":["https:\/\/www.facebook.com\/kinedodeutschland","https:\/\/www.instagram.com\/kinedo_d_a_ch\/"]}]}},"_links":{"self":[{"href":"https:\/\/kinedo-bad.at\/fr\/wp-json\/wp\/v2\/pages\/174567","targetHints":{"allow":["GET"]}}],"collection":[{"href":"https:\/\/kinedo-bad.at\/fr\/wp-json\/wp\/v2\/pages"}],"about":[{"href":"https:\/\/kinedo-bad.at\/fr\/wp-json\/wp\/v2\/types\/page"}],"author":[{"embeddable":true,"href":"https:\/\/kinedo-bad.at\/fr\/wp-json\/wp\/v2\/users\/6"}],"replies":[{"embeddable":true,"href":"https:\/\/kinedo-bad.at\/fr\/wp-json\/wp\/v2\/comments?post=174567"}],"version-history":[{"count":7,"href":"https:\/\/kinedo-bad.at\/fr\/wp-json\/wp\/v2\/pages\/174567\/revisions"}],"predecessor-version":[{"id":175563,"href":"https:\/\/kinedo-bad.at\/fr\/wp-json\/wp\/v2\/pages\/174567\/revisions\/175563"}],"up":[{"embeddable":true,"href":"https:\/\/kinedo-bad.at\/fr\/wp-json\/wp\/v2\/pages\/174569"}],"wp:attachment":[{"href":"https:\/\/kinedo-bad.at\/fr\/wp-json\/wp\/v2\/media?parent=174567"}],"curies":[{"name":"wp","href":"https:\/\/api.w.org\/{rel}","templated":true}]}}