{"id":174509,"date":"2023-04-18T14:24:03","date_gmt":"2023-04-18T12:24:03","guid":{"rendered":"https:\/\/kinedo1.fokuspokus.dev\/formulaire-du-configurateur-duo\/"},"modified":"2024-02-02T13:45:21","modified_gmt":"2024-02-02T12:45:21","slug":"formulaire-du-configurateur-duo","status":"publish","type":"page","link":"https:\/\/kinedo-bad.at\/fr\/configurateur-duo\/formulaire-du-configurateur-duo\/","title":{"rendered":"Formulaire du configurateur Duo"},"content":{"rendered":"<div class=\"wrapper\">\n\n<div class=\"wpcf7 no-js\" id=\"wpcf7-f175408-o1\" lang=\"fr-FR\" dir=\"ltr\" data-wpcf7-id=\"175408\">\n<div class=\"screen-reader-response\"><p role=\"status\" aria-live=\"polite\" aria-atomic=\"true\"><\/p> <ul><\/ul><\/div>\n<form action=\"\/fr\/wp-json\/wp\/v2\/pages\/174509#wpcf7-f175408-o1\" method=\"post\" class=\"wpcf7-form init 930314572da1 cmatic-conn cmatic-aud-8 cmatic-mapd0-0 cmatic-v097802 cmatic-sent-0 cmatic-total-12\" aria-label=\"Contact form\" novalidate=\"novalidate\" data-status=\"init\">\n<fieldset class=\"hidden-fields-container\"><input type=\"hidden\" name=\"_wpcf7\" value=\"175408\" \/><input type=\"hidden\" name=\"_wpcf7_version\" value=\"6.1.5\" \/><input type=\"hidden\" name=\"_wpcf7_locale\" value=\"fr_FR\" \/><input type=\"hidden\" name=\"_wpcf7_unit_tag\" value=\"wpcf7-f175408-o1\" \/><input type=\"hidden\" name=\"_wpcf7_container_post\" value=\"0\" \/><input type=\"hidden\" name=\"_wpcf7_posted_data_hash\" value=\"\" \/><input type=\"hidden\" name=\"_wpcf7cf_hidden_group_fields\" value=\"[]\" \/><input type=\"hidden\" name=\"_wpcf7cf_hidden_groups\" value=\"[]\" \/><input type=\"hidden\" name=\"_wpcf7cf_visible_groups\" value=\"[]\" \/><input type=\"hidden\" name=\"_wpcf7cf_repeaters\" value=\"[]\" \/><input type=\"hidden\" name=\"_wpcf7cf_steps\" value=\"{}\" \/><input type=\"hidden\" name=\"_wpcf7cf_options\" value=\"{&quot;form_id&quot;:175408,&quot;conditions&quot;:[],&quot;settings&quot;:{&quot;animation&quot;:&quot;yes&quot;,&quot;animation_intime&quot;:200,&quot;animation_outtime&quot;:200,&quot;conditions_ui&quot;:&quot;normal&quot;,&quot;notice_dismissed&quot;:false,&quot;notice_dismissed_rollback-cf7-5.8&quot;:true,&quot;notice_dismissed_rollback-cf7-5.8.1&quot;:true,&quot;notice_dismissed_rollback-cf7-5.8.5&quot;:true,&quot;notice_dismissed_rollback-cf7-5.9.2&quot;:true,&quot;notice_dismissed_rollback-cf7-5.9.3&quot;:true,&quot;notice_dismissed_rollback-cf7-5.9.4&quot;:true,&quot;notice_dismissed_rollback-cf7-5.9.5&quot;:true,&quot;notice_dismissed_rollback-cf7-6.0&quot;:true,&quot;notice_dismissed_rollback-cf7-6.0.3&quot;:true,&quot;notice_dismissed_rollback-cf7-6.0.5&quot;:true,&quot;notice_dismissed_rollback-cf7-6.1.2&quot;:true,&quot;notice_dismissed_rollback-cf7-6.1.4&quot;:true}}\" \/><input type=\"hidden\" name=\"_wpcf7dtx_version\" value=\"5.0.5\" \/>\n<\/fieldset>\n<div class=\"cf-duo\">\n\t<p>\n\t<\/p>\n<\/div>\n<div class=\"m-form\">\n\t<div class=\"form-row\">\n\t\t<div class=\"form-column\">\n\t\t\t<p><span class=\"wpcf7-form-control-wrap\" data-name=\"gender\"><span class=\"wpcf7-form-control wpcf7-radio\"><span class=\"wpcf7-list-item first\"><label><input type=\"radio\" name=\"gender\" value=\"Monsieur\" checked=\"checked\" \/><span class=\"wpcf7-list-item-label\">Monsieur<\/span><\/label><\/span><span class=\"wpcf7-list-item\"><label><input type=\"radio\" name=\"gender\" value=\"Madame\" \/><span class=\"wpcf7-list-item-label\">Madame<\/span><\/label><\/span><span class=\"wpcf7-list-item last\"><label><input type=\"radio\" name=\"gender\" value=\"Divers\" \/><span class=\"wpcf7-list-item-label\">Divers<\/span><\/label><\/span><\/span><\/span>\n\t\t\t<\/p>\n\t\t<\/div>\n\t<\/div>\n\t<div class=\"form-row\">\n\t\t<div class=\"form-column form-column--1-2\">\n\t\t\t<p><span class=\"wpcf7-form-control-wrap\" data-name=\"your-name\"><input size=\"40\" maxlength=\"400\" class=\"wpcf7-form-control wpcf7-text wpcf7-validates-as-required\" id=\"name\" aria-required=\"true\" aria-invalid=\"false\" value=\"\" type=\"text\" name=\"your-name\" \/><\/span><label for=\"name\">Pr\u00e9nom et nom <i class=\"icon-required\">*<\/i><\/label>\n\t\t\t<\/p>\n\t\t<\/div>\n\t\t<div class=\"form-column form-column--1-2\">\n\t\t\t<p><span class=\"wpcf7-form-control-wrap\" data-name=\"tele\"><input size=\"40\" maxlength=\"400\" class=\"wpcf7-form-control wpcf7-text wpcf7-validates-as-required\" id=\"tel\" aria-required=\"true\" aria-invalid=\"false\" placeholder=\"\" value=\"\" type=\"text\" name=\"tele\" \/><\/span><label for=\"tel\">T\u00e9l\u00e9phone <i class=\"icon-required\">*<\/i><\/label>\n\t\t\t<\/p>\n\t\t<\/div>\n\t<\/div>\n\t<div class=\"form-row\">\n\t\t<div class=\"form-column form-column--1-2\">\n\t\t\t<p><span>Veuillez choisir votre type de client.. <i class=\"icon-required\">*<\/i><\/span><br \/>\n<span class=\"wpcf7-form-control-wrap\" data-name=\"kunden-art\"><select class=\"wpcf7-form-control wpcf7-select wpcf7-validates-as-required\" aria-required=\"true\" aria-invalid=\"false\" name=\"kunden-art\"><option value=\"\">&#8212;Please choose an option&#8212;<\/option><option value=\"Particulier\">Particulier<\/option><option value=\"Grossiste\">Grossiste<\/option><option value=\"Artisan\">Artisan<\/option><\/select><\/span>\n\t\t\t<\/p>\n\t\t<\/div>\n\t\t<div class=\"form-column form-column--1-2\">\n\t\t\t<p><span class=\"wpcf7-form-control-wrap\" data-name=\"your-email\"><input size=\"40\" maxlength=\"400\" class=\"wpcf7-form-control wpcf7-email wpcf7-validates-as-required wpcf7-text wpcf7-validates-as-email\" id=\"email\" aria-required=\"true\" aria-invalid=\"false\" value=\"\" type=\"email\" name=\"your-email\" \/><\/span><label for=\"email\">E-Mail <i class=\"icon-required\">*<\/i><\/label>\n\t\t\t<\/p>\n\t\t<\/div>\n\t<\/div>\n\t<div class=\"form-row\">\n\t\t<div class=\"form-column form-column--1-2\">\n\t\t\t<div class=\"form-column\">\n\t\t\t\t<div data-id=\"group-company-optional\" data-orig_data_id=\"group-company-optional\"  class=\"\" data-class=\"wpcf7cf_group\">\n\t\t\t\t\t<p><span class=\"wpcf7-form-control-wrap\" data-name=\"firma-opt\"><input size=\"40\" maxlength=\"400\" class=\"wpcf7-form-control wpcf7-text\" id=\"firma1\" aria-invalid=\"false\" value=\"\" type=\"text\" name=\"firma-opt\" \/><\/span><label for=\"firma1\">Entreprise<\/label>\n\t\t\t\t\t<\/p>\n\t\t\t\t<\/div>\n\t\t\t\t<div data-id=\"group-company-required\" data-orig_data_id=\"group-company-required\"  class=\"\" data-class=\"wpcf7cf_group\">\n\t\t\t\t\t<p><span class=\"wpcf7-form-control-wrap\" data-name=\"firma\"><input size=\"40\" maxlength=\"400\" class=\"wpcf7-form-control wpcf7-text wpcf7-validates-as-required\" id=\"firma2\" aria-required=\"true\" aria-invalid=\"false\" value=\"\" type=\"text\" name=\"firma\" \/><\/span><label for=\"firma2\">Entreprise <i class=\"icon-required\">*<\/i><\/label>\n\t\t\t\t\t<\/p>\n\t\t\t\t<\/div>\n\t\t\t<\/div>\n\t\t\t<div class=\"form-column\">\n\t\t\t\t<p><span class=\"wpcf7-form-control-wrap\" data-name=\"strasse\"><input size=\"40\" maxlength=\"400\" class=\"wpcf7-form-control wpcf7-text\" id=\"strasse\" aria-invalid=\"false\" value=\"\" type=\"text\" name=\"strasse\" \/><\/span><label for=\"strasse\">Rue<\/label>\n\t\t\t\t<\/p>\n\t\t\t<\/div>\n\t\t\t<div class=\"form-column\">\n\t\t\t\t<div class=\"form-column form-column--1-2\">\n\t\t\t\t\t<p><span class=\"wpcf7-form-control-wrap\" data-name=\"plz\"><input size=\"40\" maxlength=\"400\" class=\"wpcf7-form-control wpcf7-text wpcf7-validates-as-required\" id=\"plz\" aria-required=\"true\" aria-invalid=\"false\" value=\"\" type=\"text\" name=\"plz\" \/><\/span><label for=\"plz\">Code postal <i class=\"icon-required\">*<\/i><\/label>\n\t\t\t\t\t<\/p>\n\t\t\t\t<\/div>\n\t\t\t\t<div class=\"form-column form-column--1-2\">\n\t\t\t\t\t<p><span class=\"wpcf7-form-control-wrap\" data-name=\"ort\"><input size=\"40\" maxlength=\"400\" class=\"wpcf7-form-control wpcf7-text\" id=\"ort\" aria-invalid=\"false\" value=\"\" type=\"text\" name=\"ort\" \/><\/span><label for=\"ort\">Ville<\/label>\n\t\t\t\t\t<\/p>\n\t\t\t\t<\/div>\n\t\t\t<\/div>\n\t\t<\/div>\n\t\t<div class=\"form-column form-column--1-2\">\n\t\t\t<p><span class=\"wpcf7-form-control-wrap\" data-name=\"nachricht\"><textarea cols=\"40\" rows=\"10\" maxlength=\"2000\" class=\"wpcf7-form-control wpcf7-textarea\" id=\"nachricht\" aria-invalid=\"false\" name=\"nachricht\"><\/textarea><\/span><label for=\"nachricht\">Comment pouvons-nous vous aider ? <i class=\"icon-required\">*<\/i><\/label>\n\t\t\t<\/p>\n\t\t<\/div>\n\t<\/div>\n\t<div class=\"form-row\">\n\t\t<div class=\"form-column datenschutz\">\n\t\t\t<p><span><span class=\"wpcf7-form-control-wrap\" data-name=\"zustimmen\"><span class=\"wpcf7-form-control wpcf7-acceptance\"><span class=\"wpcf7-list-item\"><input type=\"checkbox\" name=\"zustimmen\" value=\"1\" aria-invalid=\"false\" \/><\/span><\/span><\/span> Je consens \u00e0 ce que mes informations du formulaire de contact soient collect\u00e9es et trait\u00e9es pour r\u00e9pondre \u00e0 ma demande. Les donn\u00e9es seront supprim\u00e9es une fois la demande trait\u00e9e. Note : Vous pouvez r\u00e9voquer votre consentement \u00e0 tout moment pour l'avenir par e-mail. Vous trouverez des informations d\u00e9taill\u00e9es sur la gestion des donn\u00e9es utilisateur dans notre politique de confidentialit\u00e9. <i class=\"icon-required\">*<\/i><span><br \/>\n<\/span><\/span>\n\t\t\t<\/p>\n\t\t<\/div>\n\t<\/div>\n\t<p><input class=\"wpcf7-form-control wpcf7-submit has-spinner\" type=\"submit\" value=\"Contactez-nous!\" \/>\n\t<\/p>\n\t<div class=\"cf-kontakt-full\">\n\t\t<p><span style=\"font-size:13px;\">Les champs marqu\u00e9s d'un <i class=\"icon-required\">*<\/i> sont obligatoires.<\/span>\n\t\t<\/p>\n\t<\/div>\n<\/div>\n<p><script>\ndocument.addEventListener( 'wpcf7mailsent', function( event ) {\ngtag('event', 'send', {\n 'event_category': 'formular',\n 'event_label': 'Kinemagic Anfrage'\n})}, false );\n<\/script>\n<\/p>\n<p><script>\n\/**\n * Shows a popup for an optionally empty input\n *\n * Requires:\n * - Form ID\n * - Popup ID\n * - subsequent (to form) input selector\n * - close button in popup: .tele-force-close\n * - close & submit button in popup: .tele-force-close.tele-force-submit\n *\/\ndocument.addEventListener('DOMContentLoaded',function() {\n (function($) {\n var formId = '29ced83',\n popupId = 12050,\n inputSel = 'input[name=\"tele\"]'; \/\/ subsequent (to form) input selector\n var $f = $('div[data-id=\"'+formId+'\"] form'),\n $tele = $(inputSel, $f),\n submitOrig = wpcf7.submit, \/\/ proxy original submit handler\n formRef = null;\n wpcf7.submit = function wpcf7SubmitProxy(form) {\n console.log('validating empty tel');\n if ( $tele.val() ) {\n \/\/ call orig\n submitOrig(form);\n }\n else {\n formRef = form;\n elementorProFrontend.modules.popup.showPopup( { id: popupId } );\n }\n };\n $(document).on('click', '.tele-force-close', function(ev) {\n elementorProFrontend.modules.popup.closePopup( { id: popupId }, ev );\n if (formRef && $(this).is('.tele-force-submit')) {\n \/\/ call orig\n submitOrig(formRef);\n formRef = null;\n }\n else {\n $tele.focus();\n }\n });\n })(jQuery);\n});\n<\/script>\n<\/p><input type='hidden' class='wpcf7-pum' value='{\"closepopup\":false,\"closedelay\":0,\"openpopup\":false,\"openpopup_id\":0}' \/><div class=\"wpcf7-response-output\" aria-hidden=\"true\"><\/div>\n<\/form>\n<\/div>\n\n<\/div>","protected":false},"excerpt":{"rendered":"","protected":false},"author":2,"featured_media":0,"parent":174901,"menu_order":0,"comment_status":"closed","ping_status":"closed","template":"","meta":{"_acf_changed":false,"footnotes":""},"class_list":["post-174509","page","type-page","status-publish","hentry"],"acf":[],"yoast_head":"<!-- This site is optimized with the Yoast SEO plugin v27.5 - https:\/\/yoast.com\/product\/yoast-seo-wordpress\/ -->\n<title>Formulaire du configurateur Duo | Kinedo<\/title>\n<meta name=\"robots\" content=\"index, follow, max-snippet:-1, max-image-preview:large, max-video-preview:-1\" \/>\n<link rel=\"canonical\" href=\"https:\/\/kinedo-bad.at\/fr\/configurateur-duo\/formulaire-du-configurateur-duo\/\" \/>\n<meta property=\"og:locale\" content=\"fr_FR\" \/>\n<meta property=\"og:type\" content=\"article\" \/>\n<meta property=\"og:title\" content=\"Formulaire du configurateur Duo | Kinedo\" \/>\n<meta property=\"og:url\" content=\"https:\/\/kinedo-bad.at\/fr\/configurateur-duo\/formulaire-du-configurateur-duo\/\" \/>\n<meta property=\"og:site_name\" content=\"Kinedo\" \/>\n<meta property=\"article:publisher\" content=\"https:\/\/www.facebook.com\/kinedodeutschland\" \/>\n<meta property=\"article:modified_time\" content=\"2024-02-02T12:45:21+00:00\" \/>\n<meta name=\"twitter:card\" content=\"summary_large_image\" \/>\n<script type=\"application\/ld+json\" class=\"yoast-schema-graph\">{\"@context\":\"https:\\\/\\\/schema.org\",\"@graph\":[{\"@type\":\"WebPage\",\"@id\":\"https:\\\/\\\/kinedo-bad.at\\\/fr\\\/configurateur-duo\\\/formulaire-du-configurateur-duo\\\/\",\"url\":\"https:\\\/\\\/kinedo-bad.at\\\/fr\\\/configurateur-duo\\\/formulaire-du-configurateur-duo\\\/\",\"name\":\"Formulaire du configurateur Duo | Kinedo\",\"isPartOf\":{\"@id\":\"https:\\\/\\\/kinedo-bad.at\\\/#website\"},\"datePublished\":\"2023-04-18T12:24:03+00:00\",\"dateModified\":\"2024-02-02T12:45:21+00:00\",\"breadcrumb\":{\"@id\":\"https:\\\/\\\/kinedo-bad.at\\\/fr\\\/configurateur-duo\\\/formulaire-du-configurateur-duo\\\/#breadcrumb\"},\"inLanguage\":\"fr-FR\",\"potentialAction\":[{\"@type\":\"ReadAction\",\"target\":[\"https:\\\/\\\/kinedo-bad.at\\\/fr\\\/configurateur-duo\\\/formulaire-du-configurateur-duo\\\/\"]}]},{\"@type\":\"BreadcrumbList\",\"@id\":\"https:\\\/\\\/kinedo-bad.at\\\/fr\\\/configurateur-duo\\\/formulaire-du-configurateur-duo\\\/#breadcrumb\",\"itemListElement\":[{\"@type\":\"ListItem\",\"position\":1,\"name\":\"Start\",\"item\":\"https:\\\/\\\/kinedo-bad.at\\\/fr\\\/\"},{\"@type\":\"ListItem\",\"position\":2,\"name\":\"Configurateur Duo\",\"item\":\"https:\\\/\\\/kinedo-bad.at\\\/fr\\\/configurateur-duo\\\/\"},{\"@type\":\"ListItem\",\"position\":3,\"name\":\"Formulaire du configurateur Duo\"}]},{\"@type\":\"WebSite\",\"@id\":\"https:\\\/\\\/kinedo-bad.at\\\/#website\",\"url\":\"https:\\\/\\\/kinedo-bad.at\\\/\",\"name\":\"SFA Sanibroy GmbH\",\"description\":\"\",\"publisher\":{\"@id\":\"https:\\\/\\\/kinedo-bad.at\\\/#organization\"},\"potentialAction\":[{\"@type\":\"SearchAction\",\"target\":{\"@type\":\"EntryPoint\",\"urlTemplate\":\"https:\\\/\\\/kinedo-bad.at\\\/?s={search_term_string}\"},\"query-input\":{\"@type\":\"PropertyValueSpecification\",\"valueRequired\":true,\"valueName\":\"search_term_string\"}}],\"inLanguage\":\"fr-FR\"},{\"@type\":\"Organization\",\"@id\":\"https:\\\/\\\/kinedo-bad.at\\\/#organization\",\"name\":\"SFA Sanibroy GmbH\",\"url\":\"https:\\\/\\\/kinedo-bad.at\\\/\",\"logo\":{\"@type\":\"ImageObject\",\"inLanguage\":\"fr-FR\",\"@id\":\"https:\\\/\\\/kinedo-bad.at\\\/#\\\/schema\\\/logo\\\/image\\\/\",\"url\":\"https:\\\/\\\/kinedo-bad.at\\\/wp-content\\\/uploads\\\/kinedo-logo-final.png\",\"contentUrl\":\"https:\\\/\\\/kinedo-bad.at\\\/wp-content\\\/uploads\\\/kinedo-logo-final.png\",\"width\":280,\"height\":114,\"caption\":\"SFA Sanibroy GmbH\"},\"image\":{\"@id\":\"https:\\\/\\\/kinedo-bad.at\\\/#\\\/schema\\\/logo\\\/image\\\/\"},\"sameAs\":[\"https:\\\/\\\/www.facebook.com\\\/kinedodeutschland\",\"https:\\\/\\\/www.instagram.com\\\/kinedo_d_a_ch\\\/\"]}]}<\/script>\n<!-- \/ Yoast SEO plugin. -->","yoast_head_json":{"title":"Formulaire du configurateur Duo | Kinedo","robots":{"index":"index","follow":"follow","max-snippet":"max-snippet:-1","max-image-preview":"max-image-preview:large","max-video-preview":"max-video-preview:-1"},"canonical":"https:\/\/kinedo-bad.at\/fr\/configurateur-duo\/formulaire-du-configurateur-duo\/","og_locale":"fr_FR","og_type":"article","og_title":"Formulaire du configurateur Duo | Kinedo","og_url":"https:\/\/kinedo-bad.at\/fr\/configurateur-duo\/formulaire-du-configurateur-duo\/","og_site_name":"Kinedo","article_publisher":"https:\/\/www.facebook.com\/kinedodeutschland","article_modified_time":"2024-02-02T12:45:21+00:00","twitter_card":"summary_large_image","schema":{"@context":"https:\/\/schema.org","@graph":[{"@type":"WebPage","@id":"https:\/\/kinedo-bad.at\/fr\/configurateur-duo\/formulaire-du-configurateur-duo\/","url":"https:\/\/kinedo-bad.at\/fr\/configurateur-duo\/formulaire-du-configurateur-duo\/","name":"Formulaire du configurateur Duo | Kinedo","isPartOf":{"@id":"https:\/\/kinedo-bad.at\/#website"},"datePublished":"2023-04-18T12:24:03+00:00","dateModified":"2024-02-02T12:45:21+00:00","breadcrumb":{"@id":"https:\/\/kinedo-bad.at\/fr\/configurateur-duo\/formulaire-du-configurateur-duo\/#breadcrumb"},"inLanguage":"fr-FR","potentialAction":[{"@type":"ReadAction","target":["https:\/\/kinedo-bad.at\/fr\/configurateur-duo\/formulaire-du-configurateur-duo\/"]}]},{"@type":"BreadcrumbList","@id":"https:\/\/kinedo-bad.at\/fr\/configurateur-duo\/formulaire-du-configurateur-duo\/#breadcrumb","itemListElement":[{"@type":"ListItem","position":1,"name":"Start","item":"https:\/\/kinedo-bad.at\/fr\/"},{"@type":"ListItem","position":2,"name":"Configurateur Duo","item":"https:\/\/kinedo-bad.at\/fr\/configurateur-duo\/"},{"@type":"ListItem","position":3,"name":"Formulaire du configurateur Duo"}]},{"@type":"WebSite","@id":"https:\/\/kinedo-bad.at\/#website","url":"https:\/\/kinedo-bad.at\/","name":"SFA Sanibroy GmbH","description":"","publisher":{"@id":"https:\/\/kinedo-bad.at\/#organization"},"potentialAction":[{"@type":"SearchAction","target":{"@type":"EntryPoint","urlTemplate":"https:\/\/kinedo-bad.at\/?s={search_term_string}"},"query-input":{"@type":"PropertyValueSpecification","valueRequired":true,"valueName":"search_term_string"}}],"inLanguage":"fr-FR"},{"@type":"Organization","@id":"https:\/\/kinedo-bad.at\/#organization","name":"SFA Sanibroy GmbH","url":"https:\/\/kinedo-bad.at\/","logo":{"@type":"ImageObject","inLanguage":"fr-FR","@id":"https:\/\/kinedo-bad.at\/#\/schema\/logo\/image\/","url":"https:\/\/kinedo-bad.at\/wp-content\/uploads\/kinedo-logo-final.png","contentUrl":"https:\/\/kinedo-bad.at\/wp-content\/uploads\/kinedo-logo-final.png","width":280,"height":114,"caption":"SFA Sanibroy GmbH"},"image":{"@id":"https:\/\/kinedo-bad.at\/#\/schema\/logo\/image\/"},"sameAs":["https:\/\/www.facebook.com\/kinedodeutschland","https:\/\/www.instagram.com\/kinedo_d_a_ch\/"]}]}},"_links":{"self":[{"href":"https:\/\/kinedo-bad.at\/fr\/wp-json\/wp\/v2\/pages\/174509","targetHints":{"allow":["GET"]}}],"collection":[{"href":"https:\/\/kinedo-bad.at\/fr\/wp-json\/wp\/v2\/pages"}],"about":[{"href":"https:\/\/kinedo-bad.at\/fr\/wp-json\/wp\/v2\/types\/page"}],"author":[{"embeddable":true,"href":"https:\/\/kinedo-bad.at\/fr\/wp-json\/wp\/v2\/users\/2"}],"replies":[{"embeddable":true,"href":"https:\/\/kinedo-bad.at\/fr\/wp-json\/wp\/v2\/comments?post=174509"}],"version-history":[{"count":6,"href":"https:\/\/kinedo-bad.at\/fr\/wp-json\/wp\/v2\/pages\/174509\/revisions"}],"predecessor-version":[{"id":175409,"href":"https:\/\/kinedo-bad.at\/fr\/wp-json\/wp\/v2\/pages\/174509\/revisions\/175409"}],"up":[{"embeddable":true,"href":"https:\/\/kinedo-bad.at\/fr\/wp-json\/wp\/v2\/pages\/174901"}],"wp:attachment":[{"href":"https:\/\/kinedo-bad.at\/fr\/wp-json\/wp\/v2\/media?parent=174509"}],"curies":[{"name":"wp","href":"https:\/\/api.w.org\/{rel}","templated":true}]}}