{"id":954,"date":"2023-02-14T15:55:12","date_gmt":"2023-02-14T14:55:12","guid":{"rendered":"https:\/\/kinedo1.fokuspokus.dev\/?page_id=954"},"modified":"2026-03-04T15:09:43","modified_gmt":"2026-03-04T14:09:43","slug":"service","status":"publish","type":"page","link":"https:\/\/kinedo-bad.at\/de-ch\/service\/","title":{"rendered":"Service"},"content":{"rendered":"<div class=\"m-page-hero small \">\n  <div class=\"m-page-hero__background\">\n                      <picture class=\"rocket-no-lazy m-page-hero__background-img\">\n          <source media=\"(min-width: 105em)\" srcset=\"https:\/\/kinedo-bad.at\/wp-content\/uploads\/kinedo_modulo_21zu9.jpg 2000w,\n                        https:\/\/kinedo-bad.at\/wp-content\/uploads\/kinedo_modulo_21zu9-1500x643.jpg 1500w,\n                        https:\/\/kinedo-bad.at\/wp-content\/uploads\/kinedo_modulo_21zu9-1000x429.jpg 1000w,\n                        https:\/\/kinedo-bad.at\/wp-content\/uploads\/kinedo_modulo_21zu9-500x214.jpg 500w,\n                        https:\/\/kinedo-bad.at\/wp-content\/uploads\/kinedo_modulo_21zu9-250x107.jpg 250w\">\n          <source srcset=\"https:\/\/kinedo-bad.at\/wp-content\/uploads\/kinedo_serviceseite_modulo-3.jpg 2000w,\n                        https:\/\/kinedo-bad.at\/wp-content\/uploads\/kinedo_serviceseite_modulo-3-1500x844.jpg 1500w,\n                        https:\/\/kinedo-bad.at\/wp-content\/uploads\/kinedo_serviceseite_modulo-3-1000x563.jpg 1000w,\n                        https:\/\/kinedo-bad.at\/wp-content\/uploads\/kinedo_serviceseite_modulo-3-500x281.jpg 500w,\n                        https:\/\/kinedo-bad.at\/wp-content\/uploads\/kinedo_serviceseite_modulo-3-250x141.jpg 250w\">\n          <img decoding=\"async\" class=\"rocket-no-lazy\" src=\"https:\/\/kinedo-bad.at\/wp-content\/uploads\/kinedo_serviceseite_modulo-3-1500x844.jpg\" alt=\"\">\n        <\/picture>\n            <\/div>\n\n  <div class=\"m-page-hero__content-wrapper\">\n    <div class=\"m-page-hero__content\">\n      <div class=\"wrapper\">\n        \n        \n                    <h1 class=\"m-page-hero__content-title left\" data-count=\"7\" data-text-align=\"\">\n            Service          <\/h1>\n\n        \n        <div class=\"m-page-hero__content-text\">\n                      <p>\n              Wir m\u00f6chten Sie optimal bei Ihrer Badplanung unterst\u00fctzen! \r\nNutzen Sie unsere umfassenden Informationen f\u00fcr die eigenen \u00dcberlegungen und Entscheidungsfindung. Sehr gern beraten wir oder ein Fachbetrieb in Ihrer N\u00e4he Sie auch telefonisch oder pers\u00f6nlich!             <\/p>\n          \n\n\n          \n\n            \n\n\n                  <\/div>\n      <\/div>\n    <\/div>\n  <\/div>\n<\/div>\n\n<section class=\"m-breadcrumb\">\n  <div class=\"wrapper\">\n    <div id=\"breadcrumbs\" class=\"m-breadcrumb__list\"><span><span><a href=\"https:\/\/kinedo-bad.at\/de-ch\/\">Start<\/a><\/span><\/span><\/div>  <\/div>\n<\/section>\n\n<section class=\"m-primary-tile-list  spacing-top--small spacing-bottom--small\">\n  <div class=\"wrapper\">\n    <div class=\"m-primary-tile-list__list\">\n            \n                        \n          <a href=\"https:\/\/kinedo-bad.at\/service\/broschueren\/\" target=\"_self\" class=\"m-primary-tile\">\n            <div class=\"m-primary-tile__img\">\n              <img src=\"https:\/\/kinedo-bad.at\/wp-content\/uploads\/broschueren.svg\" alt=\"\" itemprop=\"image\" loading=\"lazy\" decoding=\"async\" alt=\"\">\n            <\/div>\n            <div class=\"m-primary-tile__title\">\n              Brosch\u00fcren            <\/div>\n            <div class=\"m-primary-tile__content\">\n              <span class=\"m-primary-tile__content-text\">\n                Aktuelle Flyer und\u2028 Produktbl\u00e4tter              <\/span>\n              <span class=\"m-primary-tile__content-link\">\n                Brosch\u00fcren              <\/span>\n            <\/div>\n\n          <\/a>\n                        \n          <a href=\"https:\/\/kinedo-bad.at\/service\/videos\/\" target=\"_self\" class=\"m-primary-tile\">\n            <div class=\"m-primary-tile__img\">\n              <img src=\"https:\/\/kinedo-bad.at\/wp-content\/uploads\/video.svg\" alt=\"\" itemprop=\"image\" loading=\"lazy\" decoding=\"async\" alt=\"\">\n            <\/div>\n            <div class=\"m-primary-tile__title\">\n              Videos            <\/div>\n            <div class=\"m-primary-tile__content\">\n              <span class=\"m-primary-tile__content-text\">\n                Produktvideos und \r\nTutorials              <\/span>\n              <span class=\"m-primary-tile__content-link\">\n                mehr              <\/span>\n            <\/div>\n\n          <\/a>\n                        \n          <a href=\"https:\/\/kinedo-bad.at\/service\/tools-2\/\" target=\"_self\" class=\"m-primary-tile\">\n            <div class=\"m-primary-tile__img\">\n              <img src=\"https:\/\/kinedo-bad.at\/wp-content\/uploads\/tools.svg\" alt=\"\" itemprop=\"image\" loading=\"lazy\" decoding=\"async\" alt=\"\">\n            <\/div>\n            <div class=\"m-primary-tile__title\">\n              Tools            <\/div>\n            <div class=\"m-primary-tile__content\">\n              <span class=\"m-primary-tile__content-text\">\n                Kinemagic-Filter \r\nund mehr              <\/span>\n              <span class=\"m-primary-tile__content-link\">\n                mehr              <\/span>\n            <\/div>\n\n          <\/a>\n                        \n          <a href=\"https:\/\/kinedo-bad.at\/service\/foerderung-badumbau\/\" target=\"_self\" class=\"m-primary-tile\">\n            <div class=\"m-primary-tile__img\">\n              <img src=\"https:\/\/kinedo-bad.at\/wp-content\/uploads\/badumbau.svg\" alt=\"\" itemprop=\"image\" loading=\"lazy\" decoding=\"async\" alt=\"\">\n            <\/div>\n            <div class=\"m-primary-tile__title\">\n              F\u00f6rderung Badumbau            <\/div>\n            <div class=\"m-primary-tile__content\">\n              <span class=\"m-primary-tile__content-text\">\n                Staatliche \u2028Unterst\u00fctzung              <\/span>\n              <span class=\"m-primary-tile__content-link\">\n                mehr              <\/span>\n            <\/div>\n\n          <\/a>\n                        \n          <a href=\"https:\/\/kinedo-bad.at\/service\/faq\/\" target=\"_self\" class=\"m-primary-tile\">\n            <div class=\"m-primary-tile__img\">\n              <img src=\"https:\/\/kinedo-bad.at\/wp-content\/uploads\/faq.svg\" alt=\"\" itemprop=\"image\" loading=\"lazy\" decoding=\"async\" alt=\"\">\n            <\/div>\n            <div class=\"m-primary-tile__title\">\n              FAQ            <\/div>\n            <div class=\"m-primary-tile__content\">\n              <span class=\"m-primary-tile__content-text\">\n                H\u00e4ufige Fragen \r\nund Antworten              <\/span>\n              <span class=\"m-primary-tile__content-link\">\n                mehr              <\/span>\n            <\/div>\n\n          <\/a>\n                        \n          <a href=\"https:\/\/kinedo-bad.at\/kontakt\/\" target=\"_self\" class=\"m-primary-tile\">\n            <div class=\"m-primary-tile__img\">\n              <img src=\"https:\/\/kinedo-bad.at\/wp-content\/uploads\/kontakt-1.svg\" alt=\"\" itemprop=\"image\" loading=\"lazy\" decoding=\"async\" alt=\"\">\n            <\/div>\n            <div class=\"m-primary-tile__title\">\n              Kontakt            <\/div>\n            <div class=\"m-primary-tile__content\">\n              <span class=\"m-primary-tile__content-text\">\n                Beratung und Kontaktm\u00f6glichkeiten              <\/span>\n              <span class=\"m-primary-tile__content-link\">\n                Kontakt              <\/span>\n            <\/div>\n\n          <\/a>\n              \n          <\/div>\n  <\/div>\n<\/section>","protected":false},"excerpt":{"rendered":"","protected":false},"author":2,"featured_media":0,"parent":0,"menu_order":5,"comment_status":"closed","ping_status":"closed","template":"","meta":{"_acf_changed":false,"footnotes":""},"class_list":["post-954","page","type-page","status-publish","hentry"],"acf":[],"yoast_head":"<!-- This site is optimized with the Yoast SEO plugin v27.5 - https:\/\/yoast.com\/product\/yoast-seo-wordpress\/ -->\n<title>Service | Kinedo<\/title>\n<meta name=\"robots\" content=\"index, follow, max-snippet:-1, max-image-preview:large, max-video-preview:-1\" \/>\n<link rel=\"canonical\" href=\"https:\/\/kinedo-bad.at\/service\/\" \/>\n<meta property=\"og:locale\" content=\"de_DE\" \/>\n<meta property=\"og:type\" content=\"article\" \/>\n<meta property=\"og:title\" content=\"Service | Kinedo\" \/>\n<meta property=\"og:url\" content=\"https:\/\/kinedo-bad.at\/service\/\" \/>\n<meta property=\"og:site_name\" content=\"Kinedo\" \/>\n<meta property=\"article:publisher\" content=\"https:\/\/www.facebook.com\/kinedodeutschland\" \/>\n<meta property=\"article:modified_time\" content=\"2026-03-04T14:09:43+00:00\" \/>\n<meta name=\"twitter:card\" content=\"summary_large_image\" \/>\n<script type=\"application\/ld+json\" class=\"yoast-schema-graph\">{\"@context\":\"https:\\\/\\\/schema.org\",\"@graph\":[{\"@type\":\"WebPage\",\"@id\":\"https:\\\/\\\/kinedo-bad.at\\\/service\\\/\",\"url\":\"https:\\\/\\\/kinedo-bad.at\\\/service\\\/\",\"name\":\"Service | Kinedo\",\"isPartOf\":{\"@id\":\"https:\\\/\\\/kinedo-bad.at\\\/#website\"},\"datePublished\":\"2023-02-14T14:55:12+00:00\",\"dateModified\":\"2026-03-04T14:09:43+00:00\",\"breadcrumb\":{\"@id\":\"https:\\\/\\\/kinedo-bad.at\\\/service\\\/#breadcrumb\"},\"inLanguage\":\"de-CH\",\"potentialAction\":[{\"@type\":\"ReadAction\",\"target\":[\"https:\\\/\\\/kinedo-bad.at\\\/service\\\/\"]}]},{\"@type\":\"BreadcrumbList\",\"@id\":\"https:\\\/\\\/kinedo-bad.at\\\/service\\\/#breadcrumb\",\"itemListElement\":[{\"@type\":\"ListItem\",\"position\":1,\"name\":\"Start\",\"item\":\"https:\\\/\\\/kinedo-bad.at\\\/de-ch\\\/\"},{\"@type\":\"ListItem\",\"position\":2,\"name\":\"Service\"}]},{\"@type\":\"WebSite\",\"@id\":\"https:\\\/\\\/kinedo-bad.at\\\/#website\",\"url\":\"https:\\\/\\\/kinedo-bad.at\\\/\",\"name\":\"SFA Sanibroy GmbH\",\"description\":\"\",\"publisher\":{\"@id\":\"https:\\\/\\\/kinedo-bad.at\\\/#organization\"},\"potentialAction\":[{\"@type\":\"SearchAction\",\"target\":{\"@type\":\"EntryPoint\",\"urlTemplate\":\"https:\\\/\\\/kinedo-bad.at\\\/?s={search_term_string}\"},\"query-input\":{\"@type\":\"PropertyValueSpecification\",\"valueRequired\":true,\"valueName\":\"search_term_string\"}}],\"inLanguage\":\"de-CH\"},{\"@type\":\"Organization\",\"@id\":\"https:\\\/\\\/kinedo-bad.at\\\/#organization\",\"name\":\"SFA Sanibroy GmbH\",\"url\":\"https:\\\/\\\/kinedo-bad.at\\\/\",\"logo\":{\"@type\":\"ImageObject\",\"inLanguage\":\"de-CH\",\"@id\":\"https:\\\/\\\/kinedo-bad.at\\\/#\\\/schema\\\/logo\\\/image\\\/\",\"url\":\"https:\\\/\\\/kinedo-bad.at\\\/wp-content\\\/uploads\\\/kinedo-logo-final.png\",\"contentUrl\":\"https:\\\/\\\/kinedo-bad.at\\\/wp-content\\\/uploads\\\/kinedo-logo-final.png\",\"width\":280,\"height\":114,\"caption\":\"SFA Sanibroy GmbH\"},\"image\":{\"@id\":\"https:\\\/\\\/kinedo-bad.at\\\/#\\\/schema\\\/logo\\\/image\\\/\"},\"sameAs\":[\"https:\\\/\\\/www.facebook.com\\\/kinedodeutschland\",\"https:\\\/\\\/www.instagram.com\\\/kinedo_d_a_ch\\\/\"]}]}<\/script>\n<!-- \/ Yoast SEO plugin. -->","yoast_head_json":{"title":"Service | Kinedo","robots":{"index":"index","follow":"follow","max-snippet":"max-snippet:-1","max-image-preview":"max-image-preview:large","max-video-preview":"max-video-preview:-1"},"canonical":"https:\/\/kinedo-bad.at\/service\/","og_locale":"de_DE","og_type":"article","og_title":"Service | Kinedo","og_url":"https:\/\/kinedo-bad.at\/service\/","og_site_name":"Kinedo","article_publisher":"https:\/\/www.facebook.com\/kinedodeutschland","article_modified_time":"2026-03-04T14:09:43+00:00","twitter_card":"summary_large_image","schema":{"@context":"https:\/\/schema.org","@graph":[{"@type":"WebPage","@id":"https:\/\/kinedo-bad.at\/service\/","url":"https:\/\/kinedo-bad.at\/service\/","name":"Service | Kinedo","isPartOf":{"@id":"https:\/\/kinedo-bad.at\/#website"},"datePublished":"2023-02-14T14:55:12+00:00","dateModified":"2026-03-04T14:09:43+00:00","breadcrumb":{"@id":"https:\/\/kinedo-bad.at\/service\/#breadcrumb"},"inLanguage":"de-CH","potentialAction":[{"@type":"ReadAction","target":["https:\/\/kinedo-bad.at\/service\/"]}]},{"@type":"BreadcrumbList","@id":"https:\/\/kinedo-bad.at\/service\/#breadcrumb","itemListElement":[{"@type":"ListItem","position":1,"name":"Start","item":"https:\/\/kinedo-bad.at\/de-ch\/"},{"@type":"ListItem","position":2,"name":"Service"}]},{"@type":"WebSite","@id":"https:\/\/kinedo-bad.at\/#website","url":"https:\/\/kinedo-bad.at\/","name":"SFA Sanibroy GmbH","description":"","publisher":{"@id":"https:\/\/kinedo-bad.at\/#organization"},"potentialAction":[{"@type":"SearchAction","target":{"@type":"EntryPoint","urlTemplate":"https:\/\/kinedo-bad.at\/?s={search_term_string}"},"query-input":{"@type":"PropertyValueSpecification","valueRequired":true,"valueName":"search_term_string"}}],"inLanguage":"de-CH"},{"@type":"Organization","@id":"https:\/\/kinedo-bad.at\/#organization","name":"SFA Sanibroy GmbH","url":"https:\/\/kinedo-bad.at\/","logo":{"@type":"ImageObject","inLanguage":"de-CH","@id":"https:\/\/kinedo-bad.at\/#\/schema\/logo\/image\/","url":"https:\/\/kinedo-bad.at\/wp-content\/uploads\/kinedo-logo-final.png","contentUrl":"https:\/\/kinedo-bad.at\/wp-content\/uploads\/kinedo-logo-final.png","width":280,"height":114,"caption":"SFA Sanibroy GmbH"},"image":{"@id":"https:\/\/kinedo-bad.at\/#\/schema\/logo\/image\/"},"sameAs":["https:\/\/www.facebook.com\/kinedodeutschland","https:\/\/www.instagram.com\/kinedo_d_a_ch\/"]}]}},"_links":{"self":[{"href":"https:\/\/kinedo-bad.at\/de-ch\/wp-json\/wp\/v2\/pages\/954","targetHints":{"allow":["GET"]}}],"collection":[{"href":"https:\/\/kinedo-bad.at\/de-ch\/wp-json\/wp\/v2\/pages"}],"about":[{"href":"https:\/\/kinedo-bad.at\/de-ch\/wp-json\/wp\/v2\/types\/page"}],"author":[{"embeddable":true,"href":"https:\/\/kinedo-bad.at\/de-ch\/wp-json\/wp\/v2\/users\/2"}],"replies":[{"embeddable":true,"href":"https:\/\/kinedo-bad.at\/de-ch\/wp-json\/wp\/v2\/comments?post=954"}],"version-history":[{"count":3,"href":"https:\/\/kinedo-bad.at\/de-ch\/wp-json\/wp\/v2\/pages\/954\/revisions"}],"predecessor-version":[{"id":181930,"href":"https:\/\/kinedo-bad.at\/de-ch\/wp-json\/wp\/v2\/pages\/954\/revisions\/181930"}],"wp:attachment":[{"href":"https:\/\/kinedo-bad.at\/de-ch\/wp-json\/wp\/v2\/media?parent=954"}],"curies":[{"name":"wp","href":"https:\/\/api.w.org\/{rel}","templated":true}]}}