{"id":63501,"date":"2023-04-20T15:02:53","date_gmt":"2023-04-20T13:02:53","guid":{"rendered":"https:\/\/kinedo1.fokuspokus.dev\/produkte\/wannenaufsaetze\/"},"modified":"2026-03-04T15:16:58","modified_gmt":"2026-03-04T14:16:58","slug":"wannenaufsaetze","status":"publish","type":"page","link":"https:\/\/kinedo-bad.at\/de-ch\/produkte\/wannenaufsaetze\/","title":{"rendered":"Wannenaufs\u00e4tze"},"content":{"rendered":"<div class=\"m-page-hero small reverse\">\n  <div class=\"m-page-hero__background\">\n                      <picture class=\"rocket-no-lazy m-page-hero__background-img\">\n          <source media=\"(min-width: 105em)\" srcset=\"https:\/\/kinedo-bad.at\/wp-content\/uploads\/knmi_smart_design_lyra_schwarzgrau_gekoernt_80x150-6.jpg 2000w,\n                        https:\/\/kinedo-bad.at\/wp-content\/uploads\/knmi_smart_design_lyra_schwarzgrau_gekoernt_80x150-6-1500x643.jpg 1500w,\n                        https:\/\/kinedo-bad.at\/wp-content\/uploads\/knmi_smart_design_lyra_schwarzgrau_gekoernt_80x150-6-1000x429.jpg 1000w,\n                        https:\/\/kinedo-bad.at\/wp-content\/uploads\/knmi_smart_design_lyra_schwarzgrau_gekoernt_80x150-6-500x214.jpg 500w,\n                        https:\/\/kinedo-bad.at\/wp-content\/uploads\/knmi_smart_design_lyra_schwarzgrau_gekoernt_80x150-6-250x107.jpg 250w\">\n          <source srcset=\"https:\/\/kinedo-bad.at\/wp-content\/uploads\/wannenaufsaetze_kinedo.jpg 2000w,\n                        https:\/\/kinedo-bad.at\/wp-content\/uploads\/wannenaufsaetze_kinedo-1500x844.jpg 1500w,\n                        https:\/\/kinedo-bad.at\/wp-content\/uploads\/wannenaufsaetze_kinedo-1000x562.jpg 1000w,\n                        https:\/\/kinedo-bad.at\/wp-content\/uploads\/wannenaufsaetze_kinedo-500x281.jpg 500w,\n                        https:\/\/kinedo-bad.at\/wp-content\/uploads\/wannenaufsaetze_kinedo-250x141.jpg 250w\">\n          <img decoding=\"async\" class=\"rocket-no-lazy\" src=\"https:\/\/kinedo-bad.at\/wp-content\/uploads\/wannenaufsaetze_kinedo-1500x844.jpg\" alt=\"\">\n        <\/picture>\n            <\/div>\n\n  <div class=\"m-page-hero__content-wrapper\">\n    <div class=\"m-page-hero__content\">\n      <div class=\"wrapper\">\n        \n        \n                    <h1 class=\"m-page-hero__content-title right\" data-count=\"15\" data-text-align=\"\"\"\">\n            Wannenaufs\u00e4tze          <\/h1>\n\n        \n        <div class=\"m-page-hero__content-text\">\n                      <p>\n              Wenn&#8217;s im Bad mal hochhergeht, verhindern unsere praktischen und formsch\u00f6nen Wannenaufs\u00e4tze unn\u00f6tige \u00dcberschwemmungen \u2013 und ersparen Ihnen l\u00e4stiges Putzen.            <\/p>\n          \n\n\n          \n\n                          <a class=\"btn white smoothscroll\" href=\"#\" target=\"_self\">Zur Produkt\u00fcbersicht<\/a>\n            \n\n\n                  <\/div>\n      <\/div>\n    <\/div>\n  <\/div>\n<\/div>\n\n<section class=\"m-breadcrumb\">\n  <div class=\"wrapper\">\n    <div id=\"breadcrumbs\" class=\"m-breadcrumb__list\"><span><span><a href=\"https:\/\/kinedo-bad.at\/de-ch\/\">Start<\/a><\/span><\/span><\/div>  <\/div>\n<\/section>\n\n<section class=\"m-tile-list m-tile-list--1-2 spacing-top--medium spacing-bottom--medium\" id=\"Produkte\">\n  <div class=\"wrapper\">\n    <div class=\"m-tile-list__title with-text\">\n      <h2 class=\"\">\n        Goodbye, Hochwasser \u2013 hello, trockenes Badezimmer!      <\/h2>\n\n              <div>\n          <aside class=\"wysiwyg\">\n            <p>Sie haben eine Badewanne, in der Sie duschen und w\u00fcnschen sich daf\u00fcr einen optimalen Spritzschutz mit ansprechender Optik? <br \/>\r\n<br \/>\r\nDann sind unsere  Wannenaufs\u00e4tze in vielen Varianten und Abmessungen, die flatternde und reinigungsaufw\u00e4ndige Duschvorh\u00e4nge ersetzen und noch dazu toll aussehen, die ideale L\u00f6sung f\u00fcr Sie!  <br \/>\r\n<\/p>\n          <\/aside>\n        <\/div>\n          <\/div>\n\n    <div class=\"m-tile-list__list\">\n          <\/div>\n  <\/div>\n<\/section>\n\n\n<section class=\"m-full-image-slider  spacing-top--none spacing-bottom--medium\" id=\"Bildgalerie\">\n\n  <div class=\"m-full-image-slider__wrapper\">\n    <div class=\"m-full-image-slider__arrows\">\n      <button class=\"m-full-image-slider__arrow prev\" data-gallery-full-slider-prev=\"\">\n      <\/button>\n      <button class=\"m-full-image-slider__arrow next\" data-gallery-full-slider-next=\"\">\n      <\/button>\n    <\/div>\n    <div data-gallery-full-slider=\"\">\n      \n                          \n            \n\n  <div class=\"m-full-image-slider__slide\">\n    <div class=\"img-wrapper\">\n            <div>\n        <div class=\"img-wrapper\" data-bild=\"\/wp-content\/medien\/knmi_smart_design_hydra_schwarzgrau_gek\u00f6rnt_80x148.jpg\">\n          <img decoding=\"async\" data-lazy=\"\/wp-content\/medien\/knmi_smart_design_hydra_schwarzgrau_gek\u00f6rnt_80x148.jpg\" src=\"\/wp-content\/medien\/large\/knmi_smart_design_hydra_schwarzgrau_gek\u00f6rnt_80x148.webp\" alt=\"knmi_smart_design_hydra_schwarzgrau_gek\u00f6rnt_80x148.jpg\" data-bild=\"\/wp-content\/medien\/knmi_smart_design_hydra_schwarzgrau_gek\u00f6rnt_80x148.jpg\" data-ursprung=\"\/wp-content\/medien\/large\/knmi_smart_design_hydra_schwarzgrau_gek\u00f6rnt_80x148.webp\" srcset=\"\/wp-content\/medien\/medium\/knmi_smart_design_hydra_schwarzgrau_gek\u00f6rnt_80x148.webp 250w, \/wp-content\/medien\/large\/knmi_smart_design_hydra_schwarzgrau_gek\u00f6rnt_80x148.webp 500w, \/wp-content\/medien\/knmi_smart_design_hydra_schwarzgrau_gek\u00f6rnt_80x148.jpg 1000w, \/wp-content\/medien\/knmi_smart_design_hydra_schwarzgrau_gek\u00f6rnt_80x148.jpg 2000w\">\n        <\/div>\n      <\/div>\n    <\/div>\n    <div class=\"wrapper\">\n      <div class=\"m-full-image-slider__untertitel\">\n        <div class=\"m-full-image-slider_title\">\n          <h3>Smart Design Hydra<\/h3>\n        <\/div>\n        <div class=\"wysiwyg\">\n          Der Smart Design Hydra Wannenaufsatz ist sprichw\u00f6rtlich ein Fels in der Brandung:  mit seinem zeitlosen Design, der geraden Verst\u00e4rkungsstange aus verchromtem, wei\u00dfem oder grauem Aluminiumprofil bietet er optimalen Schutz vor spritzendem Wasser. <br \/>\r\n<br \/>\r\nNoch mehr Wasserschutz bekommen Sie mit dem optionalen, zweiten Schwenkfl\u00fcgel \u2013 oder Sie entscheiden sich f\u00fcr eine zus\u00e4tzliche, schwenkbare R\u00fcckwand, mit der Sie Ihre Badewanne wie einen geschlossenen Duschbereich nutzen k\u00f6nnen.        <\/div>\n\n      <\/div>\n    <\/div>\n  <\/div>\n\n          \n            \n\n  <div class=\"m-full-image-slider__slide\">\n    <div class=\"img-wrapper\">\n            <div>\n        <div class=\"img-wrapper\" data-bild=\"\/wp-content\/medien\/knmi_columba_1_ausgeklappt_75x150.jpg\">\n          <img decoding=\"async\" data-lazy=\"\/wp-content\/medien\/knmi_columba_1_ausgeklappt_75x150.jpg\" src=\"\/wp-content\/medien\/large\/knmi_columba_1_ausgeklappt_75x150.webp\" alt=\"knmi_columba_1_ausgeklappt_75x150.jpg\" data-bild=\"\/wp-content\/medien\/knmi_columba_1_ausgeklappt_75x150.jpg\" data-ursprung=\"\/wp-content\/medien\/large\/knmi_columba_1_ausgeklappt_75x150.webp\" srcset=\"\/wp-content\/medien\/medium\/knmi_columba_1_ausgeklappt_75x150.webp 250w, \/wp-content\/medien\/large\/knmi_columba_1_ausgeklappt_75x150.webp 500w, \/wp-content\/medien\/knmi_columba_1_ausgeklappt_75x150.jpg 1000w, \/wp-content\/medien\/knmi_columba_1_ausgeklappt_75x150.jpg 2000w\">\n        <\/div>\n      <\/div>\n    <\/div>\n    <div class=\"wrapper\">\n      <div class=\"m-full-image-slider__untertitel\">\n        <div class=\"m-full-image-slider_title\">\n          <h3>Columba<\/h3>\n        <\/div>\n        <div class=\"wysiwyg\">\n          Der Columba Wannenaufsatz ist ein absolutes Multitalent im Badezimmer! Mit seiner 180\u00b0 Schwenkfunktion sorgt er nicht nur f\u00fcr einen effektiven Spritzschutz, sondern l\u00e4sst sich auch noch um 28 cm anheben. Und dann sieht er auch noch gut aus\u2026        <\/div>\n\n      <\/div>\n    <\/div>\n  <\/div>\n\n          \n            \n\n  <div class=\"m-full-image-slider__slide\">\n    <div class=\"img-wrapper\">\n            <div>\n        <div class=\"img-wrapper\" data-bild=\"\/wp-content\/medien\/knmi_smart_design_lyra_schwarzgrau_gek\u00f6rnt_80x150_factory_glas.jpg\">\n          <img decoding=\"async\" data-lazy=\"\/wp-content\/medien\/knmi_smart_design_lyra_schwarzgrau_gek\u00f6rnt_80x150_factory_glas.jpg\" src=\"\/wp-content\/medien\/large\/knmi_smart_design_lyra_schwarzgrau_gek\u00f6rnt_80x150_factory_glas.webp\" alt=\"knmi_smart_design_lyra_schwarzgrau_gek\u00f6rnt_80x150_factory_glas.jpg\" data-bild=\"\/wp-content\/medien\/knmi_smart_design_lyra_schwarzgrau_gek\u00f6rnt_80x150_factory_glas.jpg\" data-ursprung=\"\/wp-content\/medien\/large\/knmi_smart_design_lyra_schwarzgrau_gek\u00f6rnt_80x150_factory_glas.webp\" srcset=\"\/wp-content\/medien\/medium\/knmi_smart_design_lyra_schwarzgrau_gek\u00f6rnt_80x150_factory_glas.webp 250w, \/wp-content\/medien\/large\/knmi_smart_design_lyra_schwarzgrau_gek\u00f6rnt_80x150_factory_glas.webp 500w, \/wp-content\/medien\/knmi_smart_design_lyra_schwarzgrau_gek\u00f6rnt_80x150_factory_glas.jpg 1000w, \/wp-content\/medien\/knmi_smart_design_lyra_schwarzgrau_gek\u00f6rnt_80x150_factory_glas.jpg 2000w\">\n        <\/div>\n      <\/div>\n    <\/div>\n    <div class=\"wrapper\">\n      <div class=\"m-full-image-slider__untertitel\">\n        <div class=\"m-full-image-slider_title\">\n          <h3>Smart Design Lyra<\/h3>\n        <\/div>\n        <div class=\"wysiwyg\">\n          Mit dem Smart Design Lyra Wannenaufsatz wird das Duschen in der Badewanne zu einem neuen Erlebnis! W\u00e4hrenddessen und auch danach. Dank seines 180\u00b0 Schwenkarms bleibt alles au\u00dferhalb der Wanne im Trockenen behalten und Sie k\u00f6nnen sich ganz auf Ihrere K\u00f6rperpflege statt aufs Aufwischen konzentrieren. <br \/>\r\n<br \/>\r\nUnd wenn Sie   n o c h mehr Schutz vor Spritzern m\u00f6chten, ist der optionale Schwenkfl\u00fcgel die perfekte Erg\u00e4nzung.        <\/div>\n\n      <\/div>\n    <\/div>\n  <\/div>\n\n          \n            \n\n  <div class=\"m-full-image-slider__slide\">\n    <div class=\"img-wrapper\">\n            <div>\n        <div class=\"img-wrapper\" data-bild=\"\/wp-content\/medien\/knmi_smart_design_orion_schwarzgrau_gek\u00f6rnt_cosmos_glas.jpg\">\n          <img decoding=\"async\" data-lazy=\"\/wp-content\/medien\/knmi_smart_design_orion_schwarzgrau_gek\u00f6rnt_cosmos_glas.jpg\" src=\"\/wp-content\/medien\/large\/knmi_smart_design_orion_schwarzgrau_gek\u00f6rnt_cosmos_glas.webp\" alt=\"knmi_smart_design_orion_schwarzgrau_gek\u00f6rnt_cosmos_glas.jpg\" data-bild=\"\/wp-content\/medien\/knmi_smart_design_orion_schwarzgrau_gek\u00f6rnt_cosmos_glas.jpg\" data-ursprung=\"\/wp-content\/medien\/large\/knmi_smart_design_orion_schwarzgrau_gek\u00f6rnt_cosmos_glas.webp\" srcset=\"\/wp-content\/medien\/medium\/knmi_smart_design_orion_schwarzgrau_gek\u00f6rnt_cosmos_glas.webp 250w, \/wp-content\/medien\/large\/knmi_smart_design_orion_schwarzgrau_gek\u00f6rnt_cosmos_glas.webp 500w, \/wp-content\/medien\/knmi_smart_design_orion_schwarzgrau_gek\u00f6rnt_cosmos_glas.jpg 1000w, \/wp-content\/medien\/knmi_smart_design_orion_schwarzgrau_gek\u00f6rnt_cosmos_glas.jpg 2000w\">\n        <\/div>\n      <\/div>\n    <\/div>\n    <div class=\"wrapper\">\n      <div class=\"m-full-image-slider__untertitel\">\n        <div class=\"m-full-image-slider_title\">\n          <h3>Smart Design Orion<\/h3>\n        <\/div>\n        <div class=\"wysiwyg\">\n          Mit dem Smart Design Orion Wannenaufsatz k\u00f6nnen Sie Ihre Duschroutine in der Badewanne k\u00fcnftig noch besser genie\u00dfen \u2013 und nicht nur wegen der stylischen Industrie-Design Optik. <br \/>\r\nDie schwenkbare R\u00fcckwand Smart Design Hydra macht es m\u00f6glich, die Badewanne  als Duschkabine zu nutzen und sch\u00fctzt so das  Bad vor leidigen Wasserlachen. Anders gesagt: Der Badezimmerboden bleibt trocken und die Stimmung entspannt.        <\/div>\n\n      <\/div>\n    <\/div>\n  <\/div>\n\n          \n            \n\n  <div class=\"m-full-image-slider__slide\">\n    <div class=\"img-wrapper\">\n            <div>\n        <div class=\"img-wrapper\" data-bild=\"\/wp-content\/medien\/knmi_smart_design_pegasus_weiss.jpg\">\n          <img decoding=\"async\" data-lazy=\"\/wp-content\/medien\/knmi_smart_design_pegasus_weiss.jpg\" src=\"\/wp-content\/medien\/large\/knmi_smart_design_pegasus_weiss.webp\" alt=\"knmi_smart_design_pegasus_weiss.jpg\" data-bild=\"\/wp-content\/medien\/knmi_smart_design_pegasus_weiss.jpg\" data-ursprung=\"\/wp-content\/medien\/large\/knmi_smart_design_pegasus_weiss.webp\" srcset=\"\/wp-content\/medien\/medium\/knmi_smart_design_pegasus_weiss.webp 250w, \/wp-content\/medien\/large\/knmi_smart_design_pegasus_weiss.webp 500w, \/wp-content\/medien\/knmi_smart_design_pegasus_weiss.jpg 1000w, \/wp-content\/medien\/knmi_smart_design_pegasus_weiss.jpg 2000w\">\n        <\/div>\n      <\/div>\n    <\/div>\n    <div class=\"wrapper\">\n      <div class=\"m-full-image-slider__untertitel\">\n        <div class=\"m-full-image-slider_title\">\n          <h3>Smart Design Pegasus<\/h3>\n        <\/div>\n        <div class=\"wysiwyg\">\n          Mit dem Wannenaufsatz Smart Design Pegasus wird das Planschen in der Wanne zum Kinderspiel \u2013 ganz ohne nasse \u00fcberraschungen! Mit dem schiebbaren System l\u00e4\u00dft sich die ganze Wannenbreite abdecken und Sie k\u00f6nnen sich ganz Ihrem Dusch- oder Badevergn\u00fcgen hingeben. Der perfekten Spritzschutz!        <\/div>\n\n      <\/div>\n    <\/div>\n  <\/div>\n\n          \n            \n\n  <div class=\"m-full-image-slider__slide\">\n    <div class=\"img-wrapper\">\n            <div>\n        <div class=\"img-wrapper\" data-bild=\"\/wp-content\/medien\/knmi_smart_design_gemini_wei\u00dfes_profil_40x148.jpg\">\n          <img decoding=\"async\" data-lazy=\"\/wp-content\/medien\/knmi_smart_design_gemini_wei\u00dfes_profil_40x148.jpg\" src=\"\/wp-content\/medien\/large\/knmi_smart_design_gemini_wei\u00dfes_profil_40x148.webp\" alt=\"knmi_smart_design_gemini_wei\u00dfes_profil_40x148.jpg\" data-bild=\"\/wp-content\/medien\/knmi_smart_design_gemini_wei\u00dfes_profil_40x148.jpg\" data-ursprung=\"\/wp-content\/medien\/large\/knmi_smart_design_gemini_wei\u00dfes_profil_40x148.webp\" srcset=\"\/wp-content\/medien\/medium\/knmi_smart_design_gemini_wei\u00dfes_profil_40x148.webp 250w, \/wp-content\/medien\/large\/knmi_smart_design_gemini_wei\u00dfes_profil_40x148.webp 500w, \/wp-content\/medien\/knmi_smart_design_gemini_wei\u00dfes_profil_40x148.jpg 1000w, \/wp-content\/medien\/knmi_smart_design_gemini_wei\u00dfes_profil_40x148.jpg 2000w\">\n        <\/div>\n      <\/div>\n    <\/div>\n    <div class=\"wrapper\">\n      <div class=\"m-full-image-slider__untertitel\">\n        <div class=\"m-full-image-slider_title\">\n          <h3>Smart Design Gemini<\/h3>\n        <\/div>\n        <div class=\"wysiwyg\">\n          Mit Wannenaufsatz Smart Design Gemini bleibt das Wasser dort, wo es hingeh\u00f6rt: sicher in der Wanne. Und das auf dezente Art und Weise: mit nur 40 cm ist Smart Design Gemini besonders schmal und unauff\u00e4llig.        <\/div>\n\n      <\/div>\n    <\/div>\n  <\/div>\n\n                  \n          <\/div>\n  <\/div>\n\n<\/section>\n\n<section class=\"m-product-color-accordion  spacing-top--none spacing-bottom--none\">\n  <div class=\"wrapper\">\n    <div class=\"m-product-color-accordion__row-wrapper\">\n      <div class=\"m-product-color-accordion__row open\" data-accordion=\"\">\n        <div class=\"m-product-color-accordion__title\" data-accordion-trigger=\"\">\n          \n        <\/div>\n        <div class=\"m-product-color-accordion__content\">\n\n                                                                                                                                                                                      <\/div>\n      <\/div>\n    <\/div>\n  <\/div>\n<\/section>\n\n<section class=\"m-download-file-list  spacing-top--small spacing-bottom--medium\">\n  <div class=\"wrapper\">\n    <div class=\"m-download-file-list__row-wrapper\">\n      <div class=\"m-download-file-list__row \" data-accordion=\"\">\n        <div class=\"m-download-file-list__title\" data-accordion-trigger=\"\">\n          Downloads        <\/div>\n\n        <div class=\"m-download-file-list__content\">\n\n\n                                \n          \n          \n          <div class=\"m-download-file-list__content-row\">\n            <div class=\"m-download-file-list__content-name\">\n              Datenbl\u00e4tter            <\/div>\n            <div class=\"m-download-file-list__content-data\">\n              <ul class=\"m-download-list\">\n                                              <\/ul>\n            <\/div>\n          <\/div>\n          \n                                <div class=\"m-download-file-list__content-row\">\n              <div class=\"m-download-file-list__content-name\">\n                Pflegehinweis              <\/div>\n              <div class=\"m-download-file-list__content-data\">\n                <ul class=\"m-download-list\">\n                  <li class=\"m-download-list__item\">\n                    <img decoding=\"async\" src=\"https:\/\/kinedo-bad.at\/wp-content\/themes\/kinedo\/img\/icons\/pdf.svg\" alt=\"\">\n\n                    <span class=\"m-download-list__item-title\">\n                      Pflegehinweis                    <\/span>\n\n                    <span class=\"m-download-list__item-size\">\n                      66 KB                    <\/span>\n\n                    <a href=\"https:\/\/kinedo-bad.at\/wp-content\/uploads\/knpf-pflegehinweise-kinedo-2101.pdf\" class=\"m-download-list__item-link\" target=\"_blank\">\n                      Download                    <\/a>\n                  <\/li>\n                <\/ul>\n              <\/div>\n            <\/div>\n                  <\/div>\n      <\/div>\n    <\/div>\n  <\/div>\n<\/section>","protected":false},"excerpt":{"rendered":"","protected":false},"author":6,"featured_media":180115,"parent":948,"menu_order":6,"comment_status":"closed","ping_status":"closed","template":"","meta":{"_acf_changed":false,"footnotes":""},"class_list":["post-63501","page","type-page","status-publish","has-post-thumbnail","hentry"],"acf":[],"yoast_head":"<!-- This site is optimized with the Yoast SEO plugin v27.3 - https:\/\/yoast.com\/product\/yoast-seo-wordpress\/ -->\n<title>Wannenaufs\u00e4tze | Kinedo<\/title>\n<meta name=\"robots\" content=\"index, follow, max-snippet:-1, max-image-preview:large, max-video-preview:-1\" \/>\n<link rel=\"canonical\" href=\"https:\/\/kinedo-bad.at\/produkte\/wannenaufsaetze\/\" \/>\n<meta property=\"og:locale\" content=\"de_DE\" \/>\n<meta property=\"og:type\" content=\"article\" \/>\n<meta property=\"og:title\" content=\"Wannenaufs\u00e4tze | Kinedo\" \/>\n<meta property=\"og:url\" content=\"https:\/\/kinedo-bad.at\/produkte\/wannenaufsaetze\/\" \/>\n<meta property=\"og:site_name\" content=\"Kinedo\" \/>\n<meta property=\"article:publisher\" content=\"https:\/\/www.facebook.com\/kinedodeutschland\" \/>\n<meta property=\"article:modified_time\" content=\"2026-03-04T14:16:58+00:00\" \/>\n<meta property=\"og:image\" content=\"https:\/\/kinedo-bad.at\/wp-content\/uploads\/kinedo-wannenaufsaetze-1800x1125.jpg\" \/>\n\t<meta property=\"og:image:width\" content=\"1800\" \/>\n\t<meta property=\"og:image:height\" content=\"1125\" \/>\n\t<meta property=\"og:image:type\" content=\"image\/jpeg\" \/>\n<meta name=\"twitter:card\" content=\"summary_large_image\" \/>\n<script type=\"application\/ld+json\" class=\"yoast-schema-graph\">{\"@context\":\"https:\\\/\\\/schema.org\",\"@graph\":[{\"@type\":\"WebPage\",\"@id\":\"https:\\\/\\\/kinedo-bad.at\\\/produkte\\\/wannenaufsaetze\\\/\",\"url\":\"https:\\\/\\\/kinedo-bad.at\\\/produkte\\\/wannenaufsaetze\\\/\",\"name\":\"Wannenaufs\u00e4tze | Kinedo\",\"isPartOf\":{\"@id\":\"https:\\\/\\\/kinedo-bad.at\\\/#website\"},\"primaryImageOfPage\":{\"@id\":\"https:\\\/\\\/kinedo-bad.at\\\/produkte\\\/wannenaufsaetze\\\/#primaryimage\"},\"image\":{\"@id\":\"https:\\\/\\\/kinedo-bad.at\\\/produkte\\\/wannenaufsaetze\\\/#primaryimage\"},\"thumbnailUrl\":\"https:\\\/\\\/kinedo-bad.at\\\/wp-content\\\/uploads\\\/wannenaufsaetze_kinedo.jpg\",\"datePublished\":\"2023-04-20T13:02:53+00:00\",\"dateModified\":\"2026-03-04T14:16:58+00:00\",\"breadcrumb\":{\"@id\":\"https:\\\/\\\/kinedo-bad.at\\\/produkte\\\/wannenaufsaetze\\\/#breadcrumb\"},\"inLanguage\":\"de-CH\",\"potentialAction\":[{\"@type\":\"ReadAction\",\"target\":[\"https:\\\/\\\/kinedo-bad.at\\\/produkte\\\/wannenaufsaetze\\\/\"]}]},{\"@type\":\"ImageObject\",\"inLanguage\":\"de-CH\",\"@id\":\"https:\\\/\\\/kinedo-bad.at\\\/produkte\\\/wannenaufsaetze\\\/#primaryimage\",\"url\":\"https:\\\/\\\/kinedo-bad.at\\\/wp-content\\\/uploads\\\/wannenaufsaetze_kinedo.jpg\",\"contentUrl\":\"https:\\\/\\\/kinedo-bad.at\\\/wp-content\\\/uploads\\\/wannenaufsaetze_kinedo.jpg\",\"width\":4100,\"height\":2306},{\"@type\":\"BreadcrumbList\",\"@id\":\"https:\\\/\\\/kinedo-bad.at\\\/produkte\\\/wannenaufsaetze\\\/#breadcrumb\",\"itemListElement\":[{\"@type\":\"ListItem\",\"position\":1,\"name\":\"Start\",\"item\":\"https:\\\/\\\/kinedo-bad.at\\\/de-ch\\\/\"},{\"@type\":\"ListItem\",\"position\":2,\"name\":\"Produkte\",\"item\":\"https:\\\/\\\/kinedo-bad.at\\\/produkte\\\/\"},{\"@type\":\"ListItem\",\"position\":3,\"name\":\"Wannenaufs\u00e4tze\"}]},{\"@type\":\"WebSite\",\"@id\":\"https:\\\/\\\/kinedo-bad.at\\\/#website\",\"url\":\"https:\\\/\\\/kinedo-bad.at\\\/\",\"name\":\"SFA Sanibroy GmbH\",\"description\":\"\",\"publisher\":{\"@id\":\"https:\\\/\\\/kinedo-bad.at\\\/#organization\"},\"potentialAction\":[{\"@type\":\"SearchAction\",\"target\":{\"@type\":\"EntryPoint\",\"urlTemplate\":\"https:\\\/\\\/kinedo-bad.at\\\/?s={search_term_string}\"},\"query-input\":{\"@type\":\"PropertyValueSpecification\",\"valueRequired\":true,\"valueName\":\"search_term_string\"}}],\"inLanguage\":\"de-CH\"},{\"@type\":\"Organization\",\"@id\":\"https:\\\/\\\/kinedo-bad.at\\\/#organization\",\"name\":\"SFA Sanibroy GmbH\",\"url\":\"https:\\\/\\\/kinedo-bad.at\\\/\",\"logo\":{\"@type\":\"ImageObject\",\"inLanguage\":\"de-CH\",\"@id\":\"https:\\\/\\\/kinedo-bad.at\\\/#\\\/schema\\\/logo\\\/image\\\/\",\"url\":\"https:\\\/\\\/kinedo-bad.at\\\/wp-content\\\/uploads\\\/kinedo-logo-final.png\",\"contentUrl\":\"https:\\\/\\\/kinedo-bad.at\\\/wp-content\\\/uploads\\\/kinedo-logo-final.png\",\"width\":280,\"height\":114,\"caption\":\"SFA Sanibroy GmbH\"},\"image\":{\"@id\":\"https:\\\/\\\/kinedo-bad.at\\\/#\\\/schema\\\/logo\\\/image\\\/\"},\"sameAs\":[\"https:\\\/\\\/www.facebook.com\\\/kinedodeutschland\",\"https:\\\/\\\/www.instagram.com\\\/kinedo_d_a_ch\\\/\"]}]}<\/script>\n<!-- \/ Yoast SEO plugin. -->","yoast_head_json":{"title":"Wannenaufs\u00e4tze | Kinedo","robots":{"index":"index","follow":"follow","max-snippet":"max-snippet:-1","max-image-preview":"max-image-preview:large","max-video-preview":"max-video-preview:-1"},"canonical":"https:\/\/kinedo-bad.at\/produkte\/wannenaufsaetze\/","og_locale":"de_DE","og_type":"article","og_title":"Wannenaufs\u00e4tze | Kinedo","og_url":"https:\/\/kinedo-bad.at\/produkte\/wannenaufsaetze\/","og_site_name":"Kinedo","article_publisher":"https:\/\/www.facebook.com\/kinedodeutschland","article_modified_time":"2026-03-04T14:16:58+00:00","og_image":[{"width":1800,"height":1125,"url":"https:\/\/kinedo-bad.at\/wp-content\/uploads\/kinedo-wannenaufsaetze-1800x1125.jpg","type":"image\/jpeg"}],"twitter_card":"summary_large_image","schema":{"@context":"https:\/\/schema.org","@graph":[{"@type":"WebPage","@id":"https:\/\/kinedo-bad.at\/produkte\/wannenaufsaetze\/","url":"https:\/\/kinedo-bad.at\/produkte\/wannenaufsaetze\/","name":"Wannenaufs\u00e4tze | Kinedo","isPartOf":{"@id":"https:\/\/kinedo-bad.at\/#website"},"primaryImageOfPage":{"@id":"https:\/\/kinedo-bad.at\/produkte\/wannenaufsaetze\/#primaryimage"},"image":{"@id":"https:\/\/kinedo-bad.at\/produkte\/wannenaufsaetze\/#primaryimage"},"thumbnailUrl":"https:\/\/kinedo-bad.at\/wp-content\/uploads\/wannenaufsaetze_kinedo.jpg","datePublished":"2023-04-20T13:02:53+00:00","dateModified":"2026-03-04T14:16:58+00:00","breadcrumb":{"@id":"https:\/\/kinedo-bad.at\/produkte\/wannenaufsaetze\/#breadcrumb"},"inLanguage":"de-CH","potentialAction":[{"@type":"ReadAction","target":["https:\/\/kinedo-bad.at\/produkte\/wannenaufsaetze\/"]}]},{"@type":"ImageObject","inLanguage":"de-CH","@id":"https:\/\/kinedo-bad.at\/produkte\/wannenaufsaetze\/#primaryimage","url":"https:\/\/kinedo-bad.at\/wp-content\/uploads\/wannenaufsaetze_kinedo.jpg","contentUrl":"https:\/\/kinedo-bad.at\/wp-content\/uploads\/wannenaufsaetze_kinedo.jpg","width":4100,"height":2306},{"@type":"BreadcrumbList","@id":"https:\/\/kinedo-bad.at\/produkte\/wannenaufsaetze\/#breadcrumb","itemListElement":[{"@type":"ListItem","position":1,"name":"Start","item":"https:\/\/kinedo-bad.at\/de-ch\/"},{"@type":"ListItem","position":2,"name":"Produkte","item":"https:\/\/kinedo-bad.at\/produkte\/"},{"@type":"ListItem","position":3,"name":"Wannenaufs\u00e4tze"}]},{"@type":"WebSite","@id":"https:\/\/kinedo-bad.at\/#website","url":"https:\/\/kinedo-bad.at\/","name":"SFA Sanibroy GmbH","description":"","publisher":{"@id":"https:\/\/kinedo-bad.at\/#organization"},"potentialAction":[{"@type":"SearchAction","target":{"@type":"EntryPoint","urlTemplate":"https:\/\/kinedo-bad.at\/?s={search_term_string}"},"query-input":{"@type":"PropertyValueSpecification","valueRequired":true,"valueName":"search_term_string"}}],"inLanguage":"de-CH"},{"@type":"Organization","@id":"https:\/\/kinedo-bad.at\/#organization","name":"SFA Sanibroy GmbH","url":"https:\/\/kinedo-bad.at\/","logo":{"@type":"ImageObject","inLanguage":"de-CH","@id":"https:\/\/kinedo-bad.at\/#\/schema\/logo\/image\/","url":"https:\/\/kinedo-bad.at\/wp-content\/uploads\/kinedo-logo-final.png","contentUrl":"https:\/\/kinedo-bad.at\/wp-content\/uploads\/kinedo-logo-final.png","width":280,"height":114,"caption":"SFA Sanibroy GmbH"},"image":{"@id":"https:\/\/kinedo-bad.at\/#\/schema\/logo\/image\/"},"sameAs":["https:\/\/www.facebook.com\/kinedodeutschland","https:\/\/www.instagram.com\/kinedo_d_a_ch\/"]}]}},"_links":{"self":[{"href":"https:\/\/kinedo-bad.at\/de-ch\/wp-json\/wp\/v2\/pages\/63501","targetHints":{"allow":["GET"]}}],"collection":[{"href":"https:\/\/kinedo-bad.at\/de-ch\/wp-json\/wp\/v2\/pages"}],"about":[{"href":"https:\/\/kinedo-bad.at\/de-ch\/wp-json\/wp\/v2\/types\/page"}],"author":[{"embeddable":true,"href":"https:\/\/kinedo-bad.at\/de-ch\/wp-json\/wp\/v2\/users\/6"}],"replies":[{"embeddable":true,"href":"https:\/\/kinedo-bad.at\/de-ch\/wp-json\/wp\/v2\/comments?post=63501"}],"version-history":[{"count":9,"href":"https:\/\/kinedo-bad.at\/de-ch\/wp-json\/wp\/v2\/pages\/63501\/revisions"}],"predecessor-version":[{"id":180949,"href":"https:\/\/kinedo-bad.at\/de-ch\/wp-json\/wp\/v2\/pages\/63501\/revisions\/180949"}],"up":[{"embeddable":true,"href":"https:\/\/kinedo-bad.at\/de-ch\/wp-json\/wp\/v2\/pages\/948"}],"wp:featuredmedia":[{"embeddable":true,"href":"https:\/\/kinedo-bad.at\/de-ch\/wp-json\/wp\/v2\/media\/180115"}],"wp:attachment":[{"href":"https:\/\/kinedo-bad.at\/de-ch\/wp-json\/wp\/v2\/media?parent=63501"}],"curies":[{"name":"wp","href":"https:\/\/api.w.org\/{rel}","templated":true}]}}